{"id":24,"date":"2016-02-12T08:13:06","date_gmt":"2016-02-12T08:13:06","guid":{"rendered":"http:\/\/demos.famethemes.com\/onepress-oneify\/?page_id=24"},"modified":"2023-11-15T11:05:45","modified_gmt":"2023-11-15T10:05:45","slug":"service-title-2","status":"publish","type":"page","link":"https:\/\/mukov.sk\/?page_id=24","title":{"rendered":"DR\u00d4TOV\u00c9 REZANIE"},"content":{"rendered":"\n<figure class=\"is-layout-flex wp-block-gallery-1 wp-block-gallery alignwide has-nested-images columns-default is-cropped\">\n<figure class=\"wp-block-image size-full\"><img decoding=\"async\" loading=\"lazy\" width=\"800\" height=\"620\" data-id=\"1337\"  src=\"https:\/\/mukov.hitsolutions.sk\/wp-content\/uploads\/2023\/11\/robocutalphac600ic_large.png\" alt=\"\" class=\"wp-image-1337\" srcset=\"https:\/\/mukov.sk\/wp-content\/uploads\/2023\/11\/robocutalphac600ic_large.png 800w, https:\/\/mukov.sk\/wp-content\/uploads\/2023\/11\/robocutalphac600ic_large-300x233.png 300w, https:\/\/mukov.sk\/wp-content\/uploads\/2023\/11\/robocutalphac600ic_large-768x595.png 768w\" sizes=\"(max-width: 800px) 100vw, 800px\" \/><figcaption class=\"wp-element-caption\"><strong>FANUS C600IC<\/strong><\/figcaption><\/figure>\n<\/figure>\n","protected":false},"excerpt":{"rendered":"<p>Morbi in sem quis dui placerat ornare. Pellentesque odio nisi euismod in pharetra a ultricies.<\/p>\n","protected":false},"author":2,"featured_media":0,"parent":0,"menu_order":0,"comment_status":"closed","ping_status":"closed","template":"","meta":{"_mi_skip_tracking":false},"yoast_head":"<!-- This site is optimized with the Yoast SEO plugin v21.1 - https:\/\/yoast.com\/wordpress\/plugins\/seo\/ -->\n<title>DR\u00d4TOV\u00c9 REZANIE - M.U. KOV s.r.o. Stroj\u00e1rska v\u00fdroba<\/title>\n<meta name=\"robots\" content=\"index, follow, max-snippet:-1, max-image-preview:large, max-video-preview:-1\" \/>\n<link rel=\"canonical\" href=\"https:\/\/mukov.sk\/?page_id=24\" \/>\n<meta property=\"og:locale\" content=\"sk_SK\" \/>\n<meta property=\"og:type\" content=\"article\" \/>\n<meta property=\"og:title\" content=\"DR\u00d4TOV\u00c9 REZANIE - M.U. KOV s.r.o. Stroj\u00e1rska v\u00fdroba\" \/>\n<meta property=\"og:description\" content=\"Morbi in sem quis dui placerat ornare. Pellentesque odio nisi euismod in pharetra a ultricies.\" \/>\n<meta property=\"og:url\" content=\"https:\/\/mukov.sk\/?page_id=24\" \/>\n<meta property=\"og:site_name\" content=\"M.U. KOV s.r.o. Stroj\u00e1rska v\u00fdroba\" \/>\n<meta property=\"article:modified_time\" content=\"2023-11-15T10:05:45+00:00\" \/>\n<meta property=\"og:image\" content=\"https:\/\/mukov.hitsolutions.sk\/wp-content\/uploads\/2023\/11\/robocutalphac600ic_large.png\" \/>\n<meta name=\"twitter:card\" content=\"summary_large_image\" \/>\n<meta name=\"twitter:label1\" content=\"Predpokladan\u00fd \u010das \u010d\u00edtania\" \/>\n\t<meta name=\"twitter:data1\" content=\"1 min\u00fata\" \/>\n<script type=\"application\/ld+json\" class=\"yoast-schema-graph\">{\"@context\":\"https:\/\/schema.org\",\"@graph\":[{\"@type\":\"WebPage\",\"@id\":\"https:\/\/mukov.sk\/?page_id=24\",\"url\":\"https:\/\/mukov.sk\/?page_id=24\",\"name\":\"DR\u00d4TOV\u00c9 REZANIE - M.U. KOV s.r.o. Stroj\u00e1rska v\u00fdroba\",\"isPartOf\":{\"@id\":\"https:\/\/mukov.sk\/#website\"},\"datePublished\":\"2016-02-12T08:13:06+00:00\",\"dateModified\":\"2023-11-15T10:05:45+00:00\",\"breadcrumb\":{\"@id\":\"https:\/\/mukov.sk\/?page_id=24#breadcrumb\"},\"inLanguage\":\"sk-SK\",\"potentialAction\":[{\"@type\":\"ReadAction\",\"target\":[\"https:\/\/mukov.sk\/?page_id=24\"]}]},{\"@type\":\"BreadcrumbList\",\"@id\":\"https:\/\/mukov.sk\/?page_id=24#breadcrumb\",\"itemListElement\":[{\"@type\":\"ListItem\",\"position\":1,\"name\":\"Home\",\"item\":\"https:\/\/mukov.sk\/\"},{\"@type\":\"ListItem\",\"position\":2,\"name\":\"DR\u00d4TOV\u00c9 REZANIE\"}]},{\"@type\":\"WebSite\",\"@id\":\"https:\/\/mukov.sk\/#website\",\"url\":\"https:\/\/mukov.sk\/\",\"name\":\"M.U. KOV s.r.o. Stroj\u00e1rska v\u00fdroba\",\"description\":\"Stroj\u00e1rska v\u00fdroba\",\"publisher\":{\"@id\":\"https:\/\/mukov.sk\/#organization\"},\"potentialAction\":[{\"@type\":\"SearchAction\",\"target\":{\"@type\":\"EntryPoint\",\"urlTemplate\":\"https:\/\/mukov.sk\/?s={search_term_string}\"},\"query-input\":\"required name=search_term_string\"}],\"inLanguage\":\"sk-SK\"},{\"@type\":\"Organization\",\"@id\":\"https:\/\/mukov.sk\/#organization\",\"name\":\"M.U. KOV s.r.o. Stroj\u00e1rska v\u00fdroba\",\"url\":\"https:\/\/mukov.sk\/\",\"logo\":{\"@type\":\"ImageObject\",\"inLanguage\":\"sk-SK\",\"@id\":\"https:\/\/mukov.sk\/#\/schema\/logo\/image\/\",\"url\":\"https:\/\/mukov.sk\/wp-content\/uploads\/2023\/03\/mukov_logo_male.png\",\"contentUrl\":\"https:\/\/mukov.sk\/wp-content\/uploads\/2023\/03\/mukov_logo_male.png\",\"width\":100,\"height\":50,\"caption\":\"M.U. KOV s.r.o. Stroj\u00e1rska v\u00fdroba\"},\"image\":{\"@id\":\"https:\/\/mukov.sk\/#\/schema\/logo\/image\/\"}}]}<\/script>\n<!-- \/ Yoast SEO plugin. -->","yoast_head_json":{"title":"DR\u00d4TOV\u00c9 REZANIE - M.U. KOV s.r.o. Stroj\u00e1rska v\u00fdroba","robots":{"index":"index","follow":"follow","max-snippet":"max-snippet:-1","max-image-preview":"max-image-preview:large","max-video-preview":"max-video-preview:-1"},"canonical":"https:\/\/mukov.sk\/?page_id=24","og_locale":"sk_SK","og_type":"article","og_title":"DR\u00d4TOV\u00c9 REZANIE - M.U. KOV s.r.o. Stroj\u00e1rska v\u00fdroba","og_description":"Morbi in sem quis dui placerat ornare. Pellentesque odio nisi euismod in pharetra a ultricies.","og_url":"https:\/\/mukov.sk\/?page_id=24","og_site_name":"M.U. KOV s.r.o. Stroj\u00e1rska v\u00fdroba","article_modified_time":"2023-11-15T10:05:45+00:00","og_image":[{"url":"https:\/\/mukov.hitsolutions.sk\/wp-content\/uploads\/2023\/11\/robocutalphac600ic_large.png"}],"twitter_card":"summary_large_image","twitter_misc":{"Predpokladan\u00fd \u010das \u010d\u00edtania":"1 min\u00fata"},"schema":{"@context":"https:\/\/schema.org","@graph":[{"@type":"WebPage","@id":"https:\/\/mukov.sk\/?page_id=24","url":"https:\/\/mukov.sk\/?page_id=24","name":"DR\u00d4TOV\u00c9 REZANIE - M.U. KOV s.r.o. Stroj\u00e1rska v\u00fdroba","isPartOf":{"@id":"https:\/\/mukov.sk\/#website"},"datePublished":"2016-02-12T08:13:06+00:00","dateModified":"2023-11-15T10:05:45+00:00","breadcrumb":{"@id":"https:\/\/mukov.sk\/?page_id=24#breadcrumb"},"inLanguage":"sk-SK","potentialAction":[{"@type":"ReadAction","target":["https:\/\/mukov.sk\/?page_id=24"]}]},{"@type":"BreadcrumbList","@id":"https:\/\/mukov.sk\/?page_id=24#breadcrumb","itemListElement":[{"@type":"ListItem","position":1,"name":"Home","item":"https:\/\/mukov.sk\/"},{"@type":"ListItem","position":2,"name":"DR\u00d4TOV\u00c9 REZANIE"}]},{"@type":"WebSite","@id":"https:\/\/mukov.sk\/#website","url":"https:\/\/mukov.sk\/","name":"M.U. KOV s.r.o. Stroj\u00e1rska v\u00fdroba","description":"Stroj\u00e1rska v\u00fdroba","publisher":{"@id":"https:\/\/mukov.sk\/#organization"},"potentialAction":[{"@type":"SearchAction","target":{"@type":"EntryPoint","urlTemplate":"https:\/\/mukov.sk\/?s={search_term_string}"},"query-input":"required name=search_term_string"}],"inLanguage":"sk-SK"},{"@type":"Organization","@id":"https:\/\/mukov.sk\/#organization","name":"M.U. KOV s.r.o. Stroj\u00e1rska v\u00fdroba","url":"https:\/\/mukov.sk\/","logo":{"@type":"ImageObject","inLanguage":"sk-SK","@id":"https:\/\/mukov.sk\/#\/schema\/logo\/image\/","url":"https:\/\/mukov.sk\/wp-content\/uploads\/2023\/03\/mukov_logo_male.png","contentUrl":"https:\/\/mukov.sk\/wp-content\/uploads\/2023\/03\/mukov_logo_male.png","width":100,"height":50,"caption":"M.U. KOV s.r.o. Stroj\u00e1rska v\u00fdroba"},"image":{"@id":"https:\/\/mukov.sk\/#\/schema\/logo\/image\/"}}]}},"_links":{"self":[{"href":"https:\/\/mukov.sk\/index.php?rest_route=\/wp\/v2\/pages\/24"}],"collection":[{"href":"https:\/\/mukov.sk\/index.php?rest_route=\/wp\/v2\/pages"}],"about":[{"href":"https:\/\/mukov.sk\/index.php?rest_route=\/wp\/v2\/types\/page"}],"author":[{"embeddable":true,"href":"https:\/\/mukov.sk\/index.php?rest_route=\/wp\/v2\/users\/2"}],"replies":[{"embeddable":true,"href":"https:\/\/mukov.sk\/index.php?rest_route=%2Fwp%2Fv2%2Fcomments&post=24"}],"version-history":[{"count":6,"href":"https:\/\/mukov.sk\/index.php?rest_route=\/wp\/v2\/pages\/24\/revisions"}],"predecessor-version":[{"id":1359,"href":"https:\/\/mukov.sk\/index.php?rest_route=\/wp\/v2\/pages\/24\/revisions\/1359"}],"wp:attachment":[{"href":"https:\/\/mukov.sk\/index.php?rest_route=%2Fwp%2Fv2%2Fmedia&parent=24"}],"curies":[{"name":"wp","href":"https:\/\/api.w.org\/{rel}","templated":true}]}}