{"id":23,"date":"2016-02-12T08:12:49","date_gmt":"2016-02-12T08:12:49","guid":{"rendered":"http:\/\/demos.famethemes.com\/onepress-oneify\/?page_id=23"},"modified":"2023-11-22T08:54:23","modified_gmt":"2023-11-22T07:54:23","slug":"service-title-1","status":"publish","type":"page","link":"https:\/\/mukov.sk\/?page_id=23","title":{"rendered":"CNC Obr\u00e1banie"},"content":{"rendered":"\n<figure class=\"is-layout-flex wp-block-gallery-1 wp-block-gallery alignwide has-nested-images columns-default is-cropped\">\n<figure class=\"wp-block-image size-full\"><img decoding=\"async\" loading=\"lazy\" width=\"886\" height=\"591\" data-id=\"1335\"  src=\"https:\/\/mukov.hitsolutions.sk\/wp-content\/uploads\/2023\/11\/mas106.jpg\" alt=\"\" class=\"wp-image-1335\" srcset=\"https:\/\/mukov.sk\/wp-content\/uploads\/2023\/11\/mas106.jpg 886w, https:\/\/mukov.sk\/wp-content\/uploads\/2023\/11\/mas106-300x200.jpg 300w, https:\/\/mukov.sk\/wp-content\/uploads\/2023\/11\/mas106-768x512.jpg 768w\" sizes=\"(max-width: 886px) 100vw, 886px\" \/><figcaption class=\"wp-element-caption\"><strong>MAS1016<\/strong><br>Up\u00ednacia plocha: X=1300mm, Y=600mm<br>Pojazdy stroja: X=1016mm, Y=600mm, Z=700mm<\/figcaption><\/figure>\n\n\n\n<figure class=\"wp-block-image size-full\"><img decoding=\"async\" loading=\"lazy\" width=\"728\" height=\"554\" data-id=\"1372\"  src=\"https:\/\/mukov.hitsolutions.sk\/wp-content\/uploads\/2023\/11\/image000000.jpeg\" alt=\"\" class=\"wp-image-1372\" srcset=\"https:\/\/mukov.sk\/wp-content\/uploads\/2023\/11\/image000000.jpeg 728w, https:\/\/mukov.sk\/wp-content\/uploads\/2023\/11\/image000000-300x228.jpeg 300w\" sizes=\"(max-width: 728px) 100vw, 728px\" \/><figcaption class=\"wp-element-caption\"><strong>MAS1400<\/strong><br>Up\u00ednacia plocha: X=1600mm, Y=650mm<br>Pojazdy stroja: X=1400mm, Y=650mm, Z=750mm<br><strong><em>+ 4 OS KITIGAWA<\/em><\/strong><\/figcaption><\/figure>\n<\/figure>\n\n\n\n<figure class=\"is-layout-flex wp-block-gallery-3 wp-block-gallery alignwide has-nested-images columns-default is-cropped\">\n<figure class=\"wp-block-image size-large\"><img decoding=\"async\" loading=\"lazy\" width=\"766\" height=\"1024\" data-id=\"1356\"  src=\"https:\/\/mukov.hitsolutions.sk\/wp-content\/uploads\/2023\/11\/FNGJ-32-766x1024.jpg\" alt=\"\" class=\"wp-image-1356\" srcset=\"https:\/\/mukov.sk\/wp-content\/uploads\/2023\/11\/FNGJ-32-766x1024.jpg 766w, https:\/\/mukov.sk\/wp-content\/uploads\/2023\/11\/FNGJ-32-224x300.jpg 224w, https:\/\/mukov.sk\/wp-content\/uploads\/2023\/11\/FNGJ-32-768x1027.jpg 768w, https:\/\/mukov.sk\/wp-content\/uploads\/2023\/11\/FNGJ-32-1149x1536.jpg 1149w, https:\/\/mukov.sk\/wp-content\/uploads\/2023\/11\/FNGJ-32-1532x2048.jpg 1532w, https:\/\/mukov.sk\/wp-content\/uploads\/2023\/11\/FNGJ-32-scaled.jpg 1915w\" sizes=\"(max-width: 766px) 100vw, 766px\" \/><figcaption class=\"wp-element-caption\"><strong>FNGJ 32<\/strong><\/figcaption><\/figure>\n\n\n\n<figure class=\"wp-block-image size-large\"><img decoding=\"async\" loading=\"lazy\" width=\"1024\" height=\"768\" data-id=\"1348\"  src=\"https:\/\/mukov.hitsolutions.sk\/wp-content\/uploads\/2023\/11\/MAS-MCV-750_4-1024x768.jpg\" alt=\"\" class=\"wp-image-1348\" srcset=\"https:\/\/mukov.sk\/wp-content\/uploads\/2023\/11\/MAS-MCV-750_4-1024x768.jpg 1024w, https:\/\/mukov.sk\/wp-content\/uploads\/2023\/11\/MAS-MCV-750_4-300x225.jpg 300w, https:\/\/mukov.sk\/wp-content\/uploads\/2023\/11\/MAS-MCV-750_4-768x576.jpg 768w, https:\/\/mukov.sk\/wp-content\/uploads\/2023\/11\/MAS-MCV-750_4.jpg 1200w\" sizes=\"(max-width: 1024px) 100vw, 1024px\" \/><figcaption class=\"wp-element-caption\"><strong>MAS750<\/strong><br>Up\u00ednacia plocha: X=1000mm, Y=500mm<br>Pojazdy stroja: X=750mm, Y=500mm, Z=550mm<\/figcaption><\/figure>\n\n\n\n<figure class=\"wp-block-image size-full\"><img decoding=\"async\" loading=\"lazy\" width=\"474\" height=\"474\" data-id=\"1365\"  src=\"https:\/\/mukov.hitsolutions.sk\/wp-content\/uploads\/2023\/11\/OIP.1NljyYsvI8Zj2fYiwXdvrAHaHa.jpeg\" alt=\"\" class=\"wp-image-1365\" srcset=\"https:\/\/mukov.sk\/wp-content\/uploads\/2023\/11\/OIP.1NljyYsvI8Zj2fYiwXdvrAHaHa.jpeg 474w, https:\/\/mukov.sk\/wp-content\/uploads\/2023\/11\/OIP.1NljyYsvI8Zj2fYiwXdvrAHaHa-300x300.jpeg 300w, https:\/\/mukov.sk\/wp-content\/uploads\/2023\/11\/OIP.1NljyYsvI8Zj2fYiwXdvrAHaHa-150x150.jpeg 150w\" sizes=\"(max-width: 474px) 100vw, 474px\" \/><figcaption class=\"wp-element-caption\">4 OS KITIGAWA &#8211; S\u00fa\u010das\u0165 <strong>MAS1400<\/strong><\/figcaption><\/figure>\n<\/figure>\n\n\n\n<p><\/p>\n","protected":false},"excerpt":{"rendered":"","protected":false},"author":2,"featured_media":0,"parent":0,"menu_order":0,"comment_status":"closed","ping_status":"closed","template":"","meta":{"_mi_skip_tracking":false},"yoast_head":"<!-- This site is optimized with the Yoast SEO plugin v21.1 - https:\/\/yoast.com\/wordpress\/plugins\/seo\/ -->\n<title>CNC Obr\u00e1banie - M.U. KOV s.r.o. Stroj\u00e1rska v\u00fdroba<\/title>\n<meta name=\"robots\" content=\"index, follow, max-snippet:-1, max-image-preview:large, max-video-preview:-1\" \/>\n<link rel=\"canonical\" href=\"https:\/\/mukov.sk\/?page_id=23\" \/>\n<meta property=\"og:locale\" content=\"sk_SK\" \/>\n<meta property=\"og:type\" content=\"article\" \/>\n<meta property=\"og:title\" content=\"CNC Obr\u00e1banie - M.U. KOV s.r.o. Stroj\u00e1rska v\u00fdroba\" \/>\n<meta property=\"og:url\" content=\"https:\/\/mukov.sk\/?page_id=23\" \/>\n<meta property=\"og:site_name\" content=\"M.U. KOV s.r.o. Stroj\u00e1rska v\u00fdroba\" \/>\n<meta property=\"article:modified_time\" content=\"2023-11-22T07:54:23+00:00\" \/>\n<meta property=\"og:image\" content=\"https:\/\/mukov.hitsolutions.sk\/wp-content\/uploads\/2023\/11\/mas106.jpg\" \/>\n<meta name=\"twitter:card\" content=\"summary_large_image\" \/>\n<meta name=\"twitter:label1\" content=\"Predpokladan\u00fd \u010das \u010d\u00edtania\" \/>\n\t<meta name=\"twitter:data1\" content=\"2 min\u00faty\" \/>\n<script type=\"application\/ld+json\" class=\"yoast-schema-graph\">{\"@context\":\"https:\/\/schema.org\",\"@graph\":[{\"@type\":\"WebPage\",\"@id\":\"https:\/\/mukov.sk\/?page_id=23\",\"url\":\"https:\/\/mukov.sk\/?page_id=23\",\"name\":\"CNC Obr\u00e1banie - M.U. KOV s.r.o. Stroj\u00e1rska v\u00fdroba\",\"isPartOf\":{\"@id\":\"https:\/\/mukov.sk\/#website\"},\"datePublished\":\"2016-02-12T08:12:49+00:00\",\"dateModified\":\"2023-11-22T07:54:23+00:00\",\"breadcrumb\":{\"@id\":\"https:\/\/mukov.sk\/?page_id=23#breadcrumb\"},\"inLanguage\":\"sk-SK\",\"potentialAction\":[{\"@type\":\"ReadAction\",\"target\":[\"https:\/\/mukov.sk\/?page_id=23\"]}]},{\"@type\":\"BreadcrumbList\",\"@id\":\"https:\/\/mukov.sk\/?page_id=23#breadcrumb\",\"itemListElement\":[{\"@type\":\"ListItem\",\"position\":1,\"name\":\"Home\",\"item\":\"https:\/\/mukov.sk\/\"},{\"@type\":\"ListItem\",\"position\":2,\"name\":\"CNC Obr\u00e1banie\"}]},{\"@type\":\"WebSite\",\"@id\":\"https:\/\/mukov.sk\/#website\",\"url\":\"https:\/\/mukov.sk\/\",\"name\":\"M.U. KOV s.r.o. Stroj\u00e1rska v\u00fdroba\",\"description\":\"Stroj\u00e1rska v\u00fdroba\",\"publisher\":{\"@id\":\"https:\/\/mukov.sk\/#organization\"},\"potentialAction\":[{\"@type\":\"SearchAction\",\"target\":{\"@type\":\"EntryPoint\",\"urlTemplate\":\"https:\/\/mukov.sk\/?s={search_term_string}\"},\"query-input\":\"required name=search_term_string\"}],\"inLanguage\":\"sk-SK\"},{\"@type\":\"Organization\",\"@id\":\"https:\/\/mukov.sk\/#organization\",\"name\":\"M.U. KOV s.r.o. Stroj\u00e1rska v\u00fdroba\",\"url\":\"https:\/\/mukov.sk\/\",\"logo\":{\"@type\":\"ImageObject\",\"inLanguage\":\"sk-SK\",\"@id\":\"https:\/\/mukov.sk\/#\/schema\/logo\/image\/\",\"url\":\"https:\/\/mukov.sk\/wp-content\/uploads\/2023\/03\/mukov_logo_male.png\",\"contentUrl\":\"https:\/\/mukov.sk\/wp-content\/uploads\/2023\/03\/mukov_logo_male.png\",\"width\":100,\"height\":50,\"caption\":\"M.U. KOV s.r.o. Stroj\u00e1rska v\u00fdroba\"},\"image\":{\"@id\":\"https:\/\/mukov.sk\/#\/schema\/logo\/image\/\"}}]}<\/script>\n<!-- \/ Yoast SEO plugin. -->","yoast_head_json":{"title":"CNC Obr\u00e1banie - M.U. KOV s.r.o. Stroj\u00e1rska v\u00fdroba","robots":{"index":"index","follow":"follow","max-snippet":"max-snippet:-1","max-image-preview":"max-image-preview:large","max-video-preview":"max-video-preview:-1"},"canonical":"https:\/\/mukov.sk\/?page_id=23","og_locale":"sk_SK","og_type":"article","og_title":"CNC Obr\u00e1banie - M.U. KOV s.r.o. Stroj\u00e1rska v\u00fdroba","og_url":"https:\/\/mukov.sk\/?page_id=23","og_site_name":"M.U. KOV s.r.o. Stroj\u00e1rska v\u00fdroba","article_modified_time":"2023-11-22T07:54:23+00:00","og_image":[{"url":"https:\/\/mukov.hitsolutions.sk\/wp-content\/uploads\/2023\/11\/mas106.jpg"}],"twitter_card":"summary_large_image","twitter_misc":{"Predpokladan\u00fd \u010das \u010d\u00edtania":"2 min\u00faty"},"schema":{"@context":"https:\/\/schema.org","@graph":[{"@type":"WebPage","@id":"https:\/\/mukov.sk\/?page_id=23","url":"https:\/\/mukov.sk\/?page_id=23","name":"CNC Obr\u00e1banie - M.U. KOV s.r.o. Stroj\u00e1rska v\u00fdroba","isPartOf":{"@id":"https:\/\/mukov.sk\/#website"},"datePublished":"2016-02-12T08:12:49+00:00","dateModified":"2023-11-22T07:54:23+00:00","breadcrumb":{"@id":"https:\/\/mukov.sk\/?page_id=23#breadcrumb"},"inLanguage":"sk-SK","potentialAction":[{"@type":"ReadAction","target":["https:\/\/mukov.sk\/?page_id=23"]}]},{"@type":"BreadcrumbList","@id":"https:\/\/mukov.sk\/?page_id=23#breadcrumb","itemListElement":[{"@type":"ListItem","position":1,"name":"Home","item":"https:\/\/mukov.sk\/"},{"@type":"ListItem","position":2,"name":"CNC Obr\u00e1banie"}]},{"@type":"WebSite","@id":"https:\/\/mukov.sk\/#website","url":"https:\/\/mukov.sk\/","name":"M.U. KOV s.r.o. Stroj\u00e1rska v\u00fdroba","description":"Stroj\u00e1rska v\u00fdroba","publisher":{"@id":"https:\/\/mukov.sk\/#organization"},"potentialAction":[{"@type":"SearchAction","target":{"@type":"EntryPoint","urlTemplate":"https:\/\/mukov.sk\/?s={search_term_string}"},"query-input":"required name=search_term_string"}],"inLanguage":"sk-SK"},{"@type":"Organization","@id":"https:\/\/mukov.sk\/#organization","name":"M.U. KOV s.r.o. Stroj\u00e1rska v\u00fdroba","url":"https:\/\/mukov.sk\/","logo":{"@type":"ImageObject","inLanguage":"sk-SK","@id":"https:\/\/mukov.sk\/#\/schema\/logo\/image\/","url":"https:\/\/mukov.sk\/wp-content\/uploads\/2023\/03\/mukov_logo_male.png","contentUrl":"https:\/\/mukov.sk\/wp-content\/uploads\/2023\/03\/mukov_logo_male.png","width":100,"height":50,"caption":"M.U. KOV s.r.o. Stroj\u00e1rska v\u00fdroba"},"image":{"@id":"https:\/\/mukov.sk\/#\/schema\/logo\/image\/"}}]}},"_links":{"self":[{"href":"https:\/\/mukov.sk\/index.php?rest_route=\/wp\/v2\/pages\/23"}],"collection":[{"href":"https:\/\/mukov.sk\/index.php?rest_route=\/wp\/v2\/pages"}],"about":[{"href":"https:\/\/mukov.sk\/index.php?rest_route=\/wp\/v2\/types\/page"}],"author":[{"embeddable":true,"href":"https:\/\/mukov.sk\/index.php?rest_route=\/wp\/v2\/users\/2"}],"replies":[{"embeddable":true,"href":"https:\/\/mukov.sk\/index.php?rest_route=%2Fwp%2Fv2%2Fcomments&post=23"}],"version-history":[{"count":6,"href":"https:\/\/mukov.sk\/index.php?rest_route=\/wp\/v2\/pages\/23\/revisions"}],"predecessor-version":[{"id":1380,"href":"https:\/\/mukov.sk\/index.php?rest_route=\/wp\/v2\/pages\/23\/revisions\/1380"}],"wp:attachment":[{"href":"https:\/\/mukov.sk\/index.php?rest_route=%2Fwp%2Fv2%2Fmedia&parent=23"}],"curies":[{"name":"wp","href":"https:\/\/api.w.org\/{rel}","templated":true}]}}