{"id":1209,"date":"2016-02-12T07:54:41","date_gmt":"2016-02-12T07:54:41","guid":{"rendered":"http:\/\/demos.famethemes.com\/onepress-oneify\/?page_id=4"},"modified":"2016-02-12T07:54:41","modified_gmt":"2016-02-12T07:54:41","slug":"home-2","status":"publish","type":"page","link":"https:\/\/mukov.sk\/","title":{"rendered":"Home"},"content":{"rendered":"","protected":false},"excerpt":{"rendered":"","protected":false},"author":2,"featured_media":0,"parent":0,"menu_order":0,"comment_status":"closed","ping_status":"closed","template":"template-frontpage.php","meta":{"_mi_skip_tracking":false},"yoast_head":"<!-- This site is optimized with the Yoast SEO plugin v21.1 - https:\/\/yoast.com\/wordpress\/plugins\/seo\/ -->\n<title>Home - M.U. KOV s.r.o. Stroj\u00e1rska v\u00fdroba<\/title>\n<meta name=\"robots\" content=\"index, follow, max-snippet:-1, max-image-preview:large, max-video-preview:-1\" \/>\n<link rel=\"canonical\" href=\"https:\/\/mukov.sk\/\" \/>\n<meta property=\"og:locale\" content=\"sk_SK\" \/>\n<meta property=\"og:type\" content=\"article\" \/>\n<meta property=\"og:title\" content=\"Home - M.U. KOV s.r.o. Stroj\u00e1rska v\u00fdroba\" \/>\n<meta property=\"og:url\" content=\"https:\/\/mukov.sk\/\" \/>\n<meta property=\"og:site_name\" content=\"M.U. KOV s.r.o. Stroj\u00e1rska v\u00fdroba\" \/>\n<meta name=\"twitter:card\" content=\"summary_large_image\" \/>\n<script type=\"application\/ld+json\" class=\"yoast-schema-graph\">{\"@context\":\"https:\/\/schema.org\",\"@graph\":[{\"@type\":\"WebPage\",\"@id\":\"https:\/\/mukov.sk\/\",\"url\":\"https:\/\/mukov.sk\/\",\"name\":\"Home - M.U. KOV s.r.o. Stroj\u00e1rska v\u00fdroba\",\"isPartOf\":{\"@id\":\"https:\/\/mukov.sk\/#website\"},\"datePublished\":\"2016-02-12T07:54:41+00:00\",\"dateModified\":\"2016-02-12T07:54:41+00:00\",\"breadcrumb\":{\"@id\":\"https:\/\/mukov.sk\/#breadcrumb\"},\"inLanguage\":\"sk-SK\",\"potentialAction\":[{\"@type\":\"ReadAction\",\"target\":[\"https:\/\/mukov.sk\/\"]}]},{\"@type\":\"BreadcrumbList\",\"@id\":\"https:\/\/mukov.sk\/#breadcrumb\",\"itemListElement\":[{\"@type\":\"ListItem\",\"position\":1,\"name\":\"Home\",\"item\":\"https:\/\/mukov.sk\/\"},{\"@type\":\"ListItem\",\"position\":2,\"name\":\"Home\"}]},{\"@type\":\"WebSite\",\"@id\":\"https:\/\/mukov.sk\/#website\",\"url\":\"https:\/\/mukov.sk\/\",\"name\":\"M.U. KOV s.r.o. Stroj\u00e1rska v\u00fdroba\",\"description\":\"Stroj\u00e1rska v\u00fdroba\",\"publisher\":{\"@id\":\"https:\/\/mukov.sk\/#organization\"},\"potentialAction\":[{\"@type\":\"SearchAction\",\"target\":{\"@type\":\"EntryPoint\",\"urlTemplate\":\"https:\/\/mukov.sk\/?s={search_term_string}\"},\"query-input\":\"required name=search_term_string\"}],\"inLanguage\":\"sk-SK\"},{\"@type\":\"Organization\",\"@id\":\"https:\/\/mukov.sk\/#organization\",\"name\":\"M.U. KOV s.r.o. Stroj\u00e1rska v\u00fdroba\",\"url\":\"https:\/\/mukov.sk\/\",\"logo\":{\"@type\":\"ImageObject\",\"inLanguage\":\"sk-SK\",\"@id\":\"https:\/\/mukov.sk\/#\/schema\/logo\/image\/\",\"url\":\"https:\/\/mukov.sk\/wp-content\/uploads\/2023\/03\/mukov_logo_male.png\",\"contentUrl\":\"https:\/\/mukov.sk\/wp-content\/uploads\/2023\/03\/mukov_logo_male.png\",\"width\":100,\"height\":50,\"caption\":\"M.U. KOV s.r.o. Stroj\u00e1rska v\u00fdroba\"},\"image\":{\"@id\":\"https:\/\/mukov.sk\/#\/schema\/logo\/image\/\"}}]}<\/script>\n<!-- \/ Yoast SEO plugin. -->","yoast_head_json":{"title":"Home - M.U. KOV s.r.o. Stroj\u00e1rska v\u00fdroba","robots":{"index":"index","follow":"follow","max-snippet":"max-snippet:-1","max-image-preview":"max-image-preview:large","max-video-preview":"max-video-preview:-1"},"canonical":"https:\/\/mukov.sk\/","og_locale":"sk_SK","og_type":"article","og_title":"Home - M.U. KOV s.r.o. Stroj\u00e1rska v\u00fdroba","og_url":"https:\/\/mukov.sk\/","og_site_name":"M.U. KOV s.r.o. Stroj\u00e1rska v\u00fdroba","twitter_card":"summary_large_image","schema":{"@context":"https:\/\/schema.org","@graph":[{"@type":"WebPage","@id":"https:\/\/mukov.sk\/","url":"https:\/\/mukov.sk\/","name":"Home - M.U. KOV s.r.o. Stroj\u00e1rska v\u00fdroba","isPartOf":{"@id":"https:\/\/mukov.sk\/#website"},"datePublished":"2016-02-12T07:54:41+00:00","dateModified":"2016-02-12T07:54:41+00:00","breadcrumb":{"@id":"https:\/\/mukov.sk\/#breadcrumb"},"inLanguage":"sk-SK","potentialAction":[{"@type":"ReadAction","target":["https:\/\/mukov.sk\/"]}]},{"@type":"BreadcrumbList","@id":"https:\/\/mukov.sk\/#breadcrumb","itemListElement":[{"@type":"ListItem","position":1,"name":"Home","item":"https:\/\/mukov.sk\/"},{"@type":"ListItem","position":2,"name":"Home"}]},{"@type":"WebSite","@id":"https:\/\/mukov.sk\/#website","url":"https:\/\/mukov.sk\/","name":"M.U. KOV s.r.o. Stroj\u00e1rska v\u00fdroba","description":"Stroj\u00e1rska v\u00fdroba","publisher":{"@id":"https:\/\/mukov.sk\/#organization"},"potentialAction":[{"@type":"SearchAction","target":{"@type":"EntryPoint","urlTemplate":"https:\/\/mukov.sk\/?s={search_term_string}"},"query-input":"required name=search_term_string"}],"inLanguage":"sk-SK"},{"@type":"Organization","@id":"https:\/\/mukov.sk\/#organization","name":"M.U. KOV s.r.o. Stroj\u00e1rska v\u00fdroba","url":"https:\/\/mukov.sk\/","logo":{"@type":"ImageObject","inLanguage":"sk-SK","@id":"https:\/\/mukov.sk\/#\/schema\/logo\/image\/","url":"https:\/\/mukov.sk\/wp-content\/uploads\/2023\/03\/mukov_logo_male.png","contentUrl":"https:\/\/mukov.sk\/wp-content\/uploads\/2023\/03\/mukov_logo_male.png","width":100,"height":50,"caption":"M.U. KOV s.r.o. Stroj\u00e1rska v\u00fdroba"},"image":{"@id":"https:\/\/mukov.sk\/#\/schema\/logo\/image\/"}}]}},"_links":{"self":[{"href":"https:\/\/mukov.sk\/index.php?rest_route=\/wp\/v2\/pages\/1209"}],"collection":[{"href":"https:\/\/mukov.sk\/index.php?rest_route=\/wp\/v2\/pages"}],"about":[{"href":"https:\/\/mukov.sk\/index.php?rest_route=\/wp\/v2\/types\/page"}],"author":[{"embeddable":true,"href":"https:\/\/mukov.sk\/index.php?rest_route=\/wp\/v2\/users\/2"}],"replies":[{"embeddable":true,"href":"https:\/\/mukov.sk\/index.php?rest_route=%2Fwp%2Fv2%2Fcomments&post=1209"}],"version-history":[{"count":0,"href":"https:\/\/mukov.sk\/index.php?rest_route=\/wp\/v2\/pages\/1209\/revisions"}],"wp:attachment":[{"href":"https:\/\/mukov.sk\/index.php?rest_route=%2Fwp%2Fv2%2Fmedia&parent=1209"}],"curies":[{"name":"wp","href":"https:\/\/api.w.org\/{rel}","templated":true}]}}